{"id":34,"date":"2024-12-17T14:16:45","date_gmt":"2024-12-17T19:16:45","guid":{"rendered":"https:\/\/devhbc.oaith.ca\/?page_id=34"},"modified":"2025-06-26T13:35:26","modified_gmt":"2025-06-26T17:35:26","slug":"preface-visualizing-the-invisible-understanding-trauma","status":"publish","type":"page","link":"https:\/\/herbrainchose.oaith.ca\/fr\/preface-visualizing-the-invisible-understanding-trauma\/","title":{"rendered":"Pr\u00e9face : Visualiser l\u2019invisible - Comprendre le soutien tenant compte du traumatisme"},"content":{"rendered":"<p>&#8220;Often it isn&#8217;t the initiating trauma that creates seemingly insurmountable pain, but the lack of support after.&#8221;<br \/>&#8211; S. Kelley Harrell<\/p>\r\n<p><img loading=\"lazy\" decoding=\"async\" src=\"https:\/\/herbrainchose.oaith.ca\/wp-content\/uploads\/2024\/12\/brains-up.png\" alt=\"Half brain - half fingerprint symbols\" width=\"810\" height=\"108\" \/><\/p>\r\n<p>L\u2019exp\u00e9rience d\u2019un traumatisme change fondamentalement la fa\u00e7on dont une femme se per\u00e7oit elle-m\u00eame et voit son monde, ses relations et sa collectivit\u00e9. Les effets d\u2019un traumatisme peuvent durer longtemps et sont potentiellement d\u00e9bilitants. Ils peuvent affecter la capacit\u00e9 de prendre des d\u00e9cisions et les habilet\u00e9s d\u2019adaptation et \u00e9galement provoquer une sensation de perte de contr\u00f4le, de l\u2019hypervigilance, des troubles du sommeil, des souvenirs intrusifs, de l\u2019anxi\u00e9t\u00e9, de la col\u00e8re, de la peine et de la d\u00e9pression.<\/p>\r\n<p>Malheureusement, pour plusieurs survivantes de violence, les exp\u00e9riences de victimisation ne s\u2019arr\u00eatent pas avec l\u2019acte criminel. Elles doivent ensuite tenter de naviguer dans des syst\u00e8mes et des services pendant toute leur vie ce qui, ultimement, s\u2019ajoute aux effets du traumatisme qu\u2019elles ont v\u00e9cu.1 La fa\u00e7on dont un service (soins de sant\u00e9, justice, violence faite aux femmes, services sociaux, soutien aux a\u00een\u00e9es, etc.) r\u00e9pond \u00e0 la violence qu\u2019une femme a v\u00e9cue a des effets profonds sur les cons\u00e9quences du traumatisme et sur les changements qui en r\u00e9sultent sur son estime de soi, sa confiance dans les syst\u00e8mes, son espoir pour l\u2019avenir et sa foi dans un monde juste.<sup><a href=\"#1\">1<\/a><\/sup>\u00a0The way any service (including healthcare, justice, violence against women, social services and age specific supports) responds to the violence a woman has experienced has a profound effect on the impacts of the trauma and resulting changes to her sense of self, trust in systems, hope for the future, and faith in a just world.<\/p>\r\n<blockquote>\r\n<p>&#8220;People who have experienced trauma are at risk of being re-traumatized in every social service and health care setting. The lack of knowledge and understanding about the impact of trauma can get in the way of services providing the most effective care and intervention. When retraumatization happens, the system has failed the individual who has experienced trauma, and this can leave them feeling misunderstood, unsupported and even blamed. It can also perpetuate a damaging cycle that prevents healing and growth. This can be prevented with basic knowledge and by considering trauma-informed language and practices.&#8221;<sup><a href=\"#2\">2<\/a><\/sup><\/p>\r\n<\/blockquote>\r\n<p>Le pr\u00e9sent outil de formation visuel a \u00e9t\u00e9 cr\u00e9\u00e9 dans le cadre du projet Vieillir sans violence (VSV) sous la direction d\u2019un comit\u00e9 consultatif provincial. L\u2019outil vise \u00e0 aider les fournisseurs de service de divers secteurs \u00e0 mieux comprendre les approches et les pratiques prometteuses qui tiennent compte du traumatisme lorsqu\u2019ils travaillent avec des femmes de tous les \u00e2ges qui ont v\u00e9cu de la violence. En visualisant la neurobiologie du traumatisme et les pratiques de soins tenant compte du traumatisme, nous esp\u00e9rons briser l\u2019invisibilit\u00e9 que peuvent vivre les survivantes de tous les \u00e2ges \u00e0 la suite d\u2019un traumatisme, en particulier les femmes a\u00een\u00e9es.<\/p>\r\n<p>In understanding trauma, the AWV project advocates for a feminist intersectional analysis within a life course perspective, which recognizes the connections between types of violence and compounding impacts of violence at different stages of a woman&#8217;s life.<sup><a href=\"#3\">3<\/a><\/sup>\u00a0When a woman&#8217;s experiences of trauma and violence are only examined from one point in her life, the impacts of her previous experiences are ignored, as are potential long-term health outcomes, including reduced life expectancy.<sup><a href=\"#4\">4<\/a><\/sup><\/p>\r\n<p>Les approches tenant compte du traumatisme ont la capacit\u00e9 d\u2019am\u00e9liorer les exp\u00e9riences des survivantes de violence dans les secteurs des soins de sant\u00e9, des services sociaux et de la violence faite aux femmes et de mettre fin aux cycles de revictimisation tout en int\u00e9grant les femmes qui sont depuis longtemps \u00e0 la marge des services, y compris les a\u00een\u00e9es, les 2SLGBTQ, les femmes racialis\u00e9es et celles qui ont des capacit\u00e9s diverses.<\/p>\r\n<h2>Objectifs d\u2019apprentissage de l\u2019outil de formation visuel<\/h2>\r\n<p>Le pr\u00e9sent outil est con\u00e7u pour augmenter la capacit\u00e9 des usag\u00e8res et usagers \u00e0 offrir un soutien qui tienne compte du traumatisme aux femmes de tous les \u00e2ges en acqu\u00e9rant une connaissance pratique de la neurobiologie du traumatisme, y compris :<\/p>\r\n<ul>\r\n<li>Comprendre l\u2019activit\u00e9 synaptique, les neurotransmetteurs, les r\u00e9ponses du syst\u00e8me nerveux et les structures du cerveau associ\u00e9es au stress et au traumatisme au-del\u00e0 du mode de la lutte et de la fuite;<\/li>\r\n<li>How traumatic events impact an individual&#8217;s emotions and behaviour;<\/li>\r\n<li>Comment le cerveau traite et rappelle les \u00e9v\u00e9nements traumatiques et la meilleure mani\u00e8re de donner du soutien;<\/li>\r\n<li>Comprendre le d\u00e9veloppement du cerveau, les exp\u00e9riences n\u00e9gatives dans l\u2019enfance, le traumatisme interg\u00e9n\u00e9rationnel et les options de gu\u00e9rison;<\/li>\r\n<li>Adopter une approche intersectionnelle pour donner des soins qui tiennent compte du traumatisme;<\/li>\r\n<li>The implications of complex trauma across a woman&#8217;s lifespan and trauma-informedapproaches specific to the needs of older women;<\/li>\r\n<li>Les parcours possibles vers la gu\u00e9rison, le r\u00e9tablissement et la r\u00e9silience pour les survivantes de violence;<\/li>\r\n<li>Language, approaches, and techniques which may be helpful in providing service,care and support to women who have experienced trauma;<\/li>\r\n<li>The importance of contextualizing trauma within the oppression of social groups andthe impact of sexism, classism, racism, ableism, homophobia, and transphobia onexperiences and impacts of trauma from individuals and larger systems.<\/li>\r\n<\/ul>\r\n<p>En comprenant les liens entre les diverses formes de traumatisme, le traumatisme de compassion, les comportements et les effets dont les s\u00e9quelles \u00e0 long terme sur la sant\u00e9, nous pouvons nous assurer que lorsque les femmes de tous les \u00e2ges qui ont v\u00e9cu de la violence se pr\u00e9sentent, elles re\u00e7oivent de l\u2019aide comp\u00e9tente, inform\u00e9e et efficace et qu\u2019elles ont acc\u00e8s \u00e0 la justice.5<sup><a href=\"#5\">5<\/a><\/sup><\/p>\r\n<p>On behalf of the Aging Without Violence Provincial Advisory Committee, we hope this Visual Training Tool helps you to provide effective, trauma-informed care and support to women of all ages, understanding of just how often, experiences of fear and trauma, &#8220;her brain chose for her.&#8221;<\/p>\r\n<p>&nbsp;<\/p>\r\n<p>Amber Wardell<br \/>Coordonnatrice du projet Vieillir sans violence<br \/>Ontario Association of Interval and Transition Houses<\/p>\r\n<p>&nbsp;<\/p>\r\n<hr \/>\r\n<ol>\r\n<li class=\"translation-block\"><a name=\"1\" target=\"_self\"><\/a>Hill, J. (2003). R\u00e9action des victimes au traumatisme et cons\u00e9quences sur les interventions : \u00e9tude et synth\u00e8se de la documentation. Tir\u00e9 de : <a href=\"https:\/\/www.justice.gc.ca\/eng\/rp-pr\/cj-jp\/victim\/rr03_vic2\/rr03_vic2.pdf\" target=\"_blank\" rel=\"noopener\">https:\/\/www.justice.gc.ca\/eng\/rp-pr\/cj-jp\/victim\/rr03_vic2\/rr03_vic2.pdf<\/a><\/li>\r\n<li><a name=\"2\"><\/a>Klinic Community Health Centre. Trauma-informed, The Trauma Toolkit Second Edition, 2013. Tir\u00e9 de : <a href=\"https:\/\/trauma-informed.ca\/wp-content\/uploads\/2013\/10\/Trauma-informed_Toolkit.pdf\" target=\"_blank\">:https:\/\/trauma-informed.ca\/wp-content\/uploads\/2013\/10\/Trauma-informed_Toolkit.pdf<\/a>\u00a0<a href=\"https:\/\/trauma-informed.ca\/wp-content\/uploads\/2013\/10\/Trauma-informed_Toolkit.pdf\" target=\"_blank\" rel=\"noopener\">https:\/\/trauma-informed.ca\/wp-content\/uploads\/2013\/10\/Trauma-informed_Toolkit.pdf<\/a><\/li>\r\n<li><a name=\"3\"><\/a>Williams, L. (2003). Understanding Child Abuse and Violence Against Women: A Life Course Perspective. Journal of Interpersonal Violence. Journal of Interpersonal Violence, 18(4), 441-451. Retrieved From:\u00a0<a href=\"https:\/\/doi.org\/10.1177\/0886260502250842\" target=\"_blank\" rel=\"noopener\">https:\/\/doi.org\/10.1177\/0886260502250842<\/a><\/li>\r\n<li class=\"translation-block\"><a name=\"4\" target=\"_self\"><\/a>Etherington, N. and Baker, L. (2017). Links between the Maltreatment of Girls and Later Victimization or Use of Violence. London, Ontario: Centre for Research &amp; Education on Violence Against Women &amp; Children. Tir\u00e9 de :\u00a0<a href=\"http:\/\/www.vawlearningnetwork.ca\/our-work\/issuebased_newsletters\/issue-15\/index.html\" target=\"_blank\" rel=\"noopener\">http:\/\/www.vawlearningnetwork.ca\/our-work\/issuebased_newsletters\/issue-15\/index.html<\/a><\/li>\r\n<li class=\"translation-block\"><a name=\"5\" target=\"_self\"><\/a>Ponic, P et al. Approches tenant compte des traumtismes pour le soutien des victimes de violence : dimensions strat\u00e9giques et pratiques. Recueil de recherches sur les victimes d\u2019actes criminel no 9. Tir\u00e9 de :\u00a0<a href=\"https:\/\/www.justice.gc.ca\/eng\/rp-pr\/cj-jp\/victim\/rd9-rr9\/p2.html\" target=\"_blank\" rel=\"noopener\">https:\/\/www.justice.gc.ca\/eng\/rp-pr\/cj-jp\/victim\/rd9-rr9\/p2.html<\/a><\/li>\r\n<\/ol>\r\n<p><a href=\"https:\/\/herbrainchose.oaith.ca\/fr\/introduction\/\" target=\"_self\"> Page pr\u00e9c\u00e9dente <\/a> <a href=\"https:\/\/herbrainchose.oaith.ca\/fr\/pre-test-instructions\/\" target=\"_self\"> Page suivante <\/a><\/p>","protected":false},"excerpt":{"rendered":"<p>&#8220;Often it isn&#8217;t the initiating trauma that creates seemingly insurmountable pain, but the lack of support after.&#8221;&#8211; S. Kelley Harrell [&hellip;]<\/p>\n","protected":false},"author":2,"featured_media":0,"parent":0,"menu_order":3,"comment_status":"closed","ping_status":"closed","template":"","meta":{"site-sidebar-layout":"left-sidebar","site-content-layout":"page-builder","ast-site-content-layout":"default","site-content-style":"default","site-sidebar-style":"default","ast-global-header-display":"","ast-banner-title-visibility":"","ast-main-header-display":"","ast-hfb-above-header-display":"","ast-hfb-below-header-display":"","ast-hfb-mobile-header-display":"","site-post-title":"","ast-breadcrumbs-content":"","ast-featured-img":"disabled","footer-sml-layout":"","ast-disable-related-posts":"","theme-transparent-header-meta":"default","adv-header-id-meta":"","stick-header-meta":"","header-above-stick-meta":"","header-main-stick-meta":"","header-below-stick-meta":"","astra-migrate-meta-layouts":"set","ast-page-background-enabled":"default","ast-page-background-meta":{"desktop":{"background-color":"var(--ast-global-color-4)","background-image":"","background-repeat":"repeat","background-position":"center center","background-size":"auto","background-attachment":"scroll","background-type":"","background-media":"","overlay-type":"","overlay-color":"","overlay-opacity":"","overlay-gradient":""},"tablet":{"background-color":"","background-image":"","background-repeat":"repeat","background-position":"center center","background-size":"auto","background-attachment":"scroll","background-type":"","background-media":"","overlay-type":"","overlay-color":"","overlay-opacity":"","overlay-gradient":""},"mobile":{"background-color":"","background-image":"","background-repeat":"repeat","background-position":"center center","background-size":"auto","background-attachment":"scroll","background-type":"","background-media":"","overlay-type":"","overlay-color":"","overlay-opacity":"","overlay-gradient":""}},"ast-content-background-meta":{"desktop":{"background-color":"var(--ast-global-color-5)","background-image":"","background-repeat":"repeat","background-position":"center center","background-size":"auto","background-attachment":"scroll","background-type":"","background-media":"","overlay-type":"","overlay-color":"","overlay-opacity":"","overlay-gradient":""},"tablet":{"background-color":"var(--ast-global-color-5)","background-image":"","background-repeat":"repeat","background-position":"center center","background-size":"auto","background-attachment":"scroll","background-type":"","background-media":"","overlay-type":"","overlay-color":"","overlay-opacity":"","overlay-gradient":""},"mobile":{"background-color":"var(--ast-global-color-5)","background-image":"","background-repeat":"repeat","background-position":"center center","background-size":"auto","background-attachment":"scroll","background-type":"","background-media":"","overlay-type":"","overlay-color":"","overlay-opacity":"","overlay-gradient":""}},"footnotes":"","_links_to":"","_links_to_target":""},"class_list":["post-34","page","type-page","status-publish","hentry"],"_links":{"self":[{"href":"https:\/\/herbrainchose.oaith.ca\/fr\/wp-json\/wp\/v2\/pages\/34","targetHints":{"allow":["GET"]}}],"collection":[{"href":"https:\/\/herbrainchose.oaith.ca\/fr\/wp-json\/wp\/v2\/pages"}],"about":[{"href":"https:\/\/herbrainchose.oaith.ca\/fr\/wp-json\/wp\/v2\/types\/page"}],"author":[{"embeddable":true,"href":"https:\/\/herbrainchose.oaith.ca\/fr\/wp-json\/wp\/v2\/users\/2"}],"replies":[{"embeddable":true,"href":"https:\/\/herbrainchose.oaith.ca\/fr\/wp-json\/wp\/v2\/comments?post=34"}],"version-history":[{"count":11,"href":"https:\/\/herbrainchose.oaith.ca\/fr\/wp-json\/wp\/v2\/pages\/34\/revisions"}],"predecessor-version":[{"id":425,"href":"https:\/\/herbrainchose.oaith.ca\/fr\/wp-json\/wp\/v2\/pages\/34\/revisions\/425"}],"wp:attachment":[{"href":"https:\/\/herbrainchose.oaith.ca\/fr\/wp-json\/wp\/v2\/media?parent=34"}],"curies":[{"name":"wp","href":"https:\/\/api.w.org\/{rel}","templated":true}]}}