{"id":216,"date":"2024-12-30T14:19:56","date_gmt":"2024-12-30T19:19:56","guid":{"rendered":"https:\/\/devhbc.oaith.ca\/?page_id=216"},"modified":"2025-06-26T11:28:25","modified_gmt":"2025-06-26T15:28:25","slug":"trauma-informed-principles-colouring-tool","status":"publish","type":"page","link":"https:\/\/herbrainchose.oaith.ca\/fr\/trauma-informed-principles-colouring-tool\/","title":{"rendered":"Coloriez l\u2019image sur les principes qui tiennent compte du traumatisme"},"content":{"rendered":"<div class=\"colour-page-wrap\">\n<p>Chaque pi\u00e8ce du casse-t\u00eate composant cette image repr\u00e9sente un des principes qui tiennent compte du traumatisme pouvant guider votre travail, dont plusieurs ont \u00e9t\u00e9 abord\u00e9s dans les chapitres pr\u00e9c\u00e9dents.<\/p>\n<p>Vous trouverez aussi ci-dessous plusieurs fen\u00eatres sur lesquelles vous pouvez cliquer pour en apprendre davantage, notamment \u00ab Environnement rassurant \u00bb, \u00ab B\u00e2tir la confiance \u00bb et \u00ab Apprentissage continu et int\u00e9gration dans la pratique \u00bb.<\/p>\n<p>Coloriez en VERT toutes les pi\u00e8ces du casse-t\u00eate repr\u00e9sentant un principe qui tient compte du traumatisme que vous pensez avoir la capacit\u00e9 de comprendre et d\u2019appliquer dans votre travail.<\/p>\n<p>Coloriez en JAUNE toutes les pi\u00e8ces du casse-t\u00eate repr\u00e9sentant un principe que vous vous engagez \u00e0 explorer davantage \u00e0 mesure que vous augmenterez votre capacit\u00e9 \u00e0 donner du soutien et des services tenant compte du traumatisme<\/p>\n<p>&nbsp;<\/p>\n<div id=\"canvasDiv\" style=\"max-width: 100%; text-align: center;\">\u00a0<\/div>\n<p style=\"text-align: center;\"><em>Cliquez n\u2019importe o\u00f9 sur l\u2019image avec le bouton droit pour imprimer, sauvegarder ou colorier votre carte du cerveau.<\/em><\/p>\n<p style=\"text-align: center;\"><button><a href=\"https:\/\/herbrainchose.oaith.ca\/fr\/chapter-10-towards-hope-resiliency-resistance-and-healing\/\" target=\"_self\"> Retourner \u00e0 la page pr\u00e9c\u00e9dente <\/a><\/button><\/p>\n<\/div>","protected":false},"excerpt":{"rendered":"<p>Each puzzle piece of this image notes one trauma informed principle which may guide your work, many of which further [&hellip;]<\/p>\n","protected":false},"author":2,"featured_media":0,"parent":0,"menu_order":0,"comment_status":"closed","ping_status":"closed","template":"","meta":{"site-sidebar-layout":"left-sidebar","site-content-layout":"page-builder","ast-site-content-layout":"default","site-content-style":"default","site-sidebar-style":"default","ast-global-header-display":"","ast-banner-title-visibility":"","ast-main-header-display":"","ast-hfb-above-header-display":"","ast-hfb-below-header-display":"","ast-hfb-mobile-header-display":"","site-post-title":"","ast-breadcrumbs-content":"","ast-featured-img":"disabled","footer-sml-layout":"","ast-disable-related-posts":"","theme-transparent-header-meta":"default","adv-header-id-meta":"","stick-header-meta":"","header-above-stick-meta":"","header-main-stick-meta":"","header-below-stick-meta":"","astra-migrate-meta-layouts":"set","ast-page-background-enabled":"default","ast-page-background-meta":{"desktop":{"background-color":"var(--ast-global-color-4)","background-image":"","background-repeat":"repeat","background-position":"center center","background-size":"auto","background-attachment":"scroll","background-type":"","background-media":"","overlay-type":"","overlay-color":"","overlay-opacity":"","overlay-gradient":""},"tablet":{"background-color":"","background-image":"","background-repeat":"repeat","background-position":"center center","background-size":"auto","background-attachment":"scroll","background-type":"","background-media":"","overlay-type":"","overlay-color":"","overlay-opacity":"","overlay-gradient":""},"mobile":{"background-color":"","background-image":"","background-repeat":"repeat","background-position":"center center","background-size":"auto","background-attachment":"scroll","background-type":"","background-media":"","overlay-type":"","overlay-color":"","overlay-opacity":"","overlay-gradient":""}},"ast-content-background-meta":{"desktop":{"background-color":"var(--ast-global-color-5)","background-image":"","background-repeat":"repeat","background-position":"center center","background-size":"auto","background-attachment":"scroll","background-type":"","background-media":"","overlay-type":"","overlay-color":"","overlay-opacity":"","overlay-gradient":""},"tablet":{"background-color":"var(--ast-global-color-5)","background-image":"","background-repeat":"repeat","background-position":"center center","background-size":"auto","background-attachment":"scroll","background-type":"","background-media":"","overlay-type":"","overlay-color":"","overlay-opacity":"","overlay-gradient":""},"mobile":{"background-color":"var(--ast-global-color-5)","background-image":"","background-repeat":"repeat","background-position":"center center","background-size":"auto","background-attachment":"scroll","background-type":"","background-media":"","overlay-type":"","overlay-color":"","overlay-opacity":"","overlay-gradient":""}},"footnotes":"","_links_to":"","_links_to_target":""},"class_list":["post-216","page","type-page","status-publish","hentry"],"_links":{"self":[{"href":"https:\/\/herbrainchose.oaith.ca\/fr\/wp-json\/wp\/v2\/pages\/216","targetHints":{"allow":["GET"]}}],"collection":[{"href":"https:\/\/herbrainchose.oaith.ca\/fr\/wp-json\/wp\/v2\/pages"}],"about":[{"href":"https:\/\/herbrainchose.oaith.ca\/fr\/wp-json\/wp\/v2\/types\/page"}],"author":[{"embeddable":true,"href":"https:\/\/herbrainchose.oaith.ca\/fr\/wp-json\/wp\/v2\/users\/2"}],"replies":[{"embeddable":true,"href":"https:\/\/herbrainchose.oaith.ca\/fr\/wp-json\/wp\/v2\/comments?post=216"}],"version-history":[{"count":7,"href":"https:\/\/herbrainchose.oaith.ca\/fr\/wp-json\/wp\/v2\/pages\/216\/revisions"}],"predecessor-version":[{"id":472,"href":"https:\/\/herbrainchose.oaith.ca\/fr\/wp-json\/wp\/v2\/pages\/216\/revisions\/472"}],"wp:attachment":[{"href":"https:\/\/herbrainchose.oaith.ca\/fr\/wp-json\/wp\/v2\/media?parent=216"}],"curies":[{"name":"wp","href":"https:\/\/api.w.org\/{rel}","templated":true}]}}