{"id":201,"date":"2024-12-30T14:12:46","date_gmt":"2024-12-30T19:12:46","guid":{"rendered":"https:\/\/devhbc.oaith.ca\/?page_id=201"},"modified":"2025-06-26T11:18:57","modified_gmt":"2025-06-26T15:18:57","slug":"intersectionality-wheel-colouring-tool","status":"publish","type":"page","link":"https:\/\/herbrainchose.oaith.ca\/fr\/intersectionality-wheel-colouring-tool\/","title":{"rendered":"Cliquez ici pour colorier et en savoir plus sur la roue de l\u2019intersectionalit\u00e9 repr\u00e9sent\u00e9e ici par un parapluie"},"content":{"rendered":"<div class=\"colour-page-wrap\">\n<p>Utilisez le JAUNE pour colorier tout \u00e9l\u00e9ment identitaire de privil\u00e8ge ou de pouvoir auquel vous vous identifiez.<\/p>\n<p>Utilisez le BLEU pour coloriez tout \u00e9l\u00e9ment identitaire de marginalit\u00e9 auquel vous vous identifiez.<\/p>\n<p>Utilisez le VERT pour marquer chaque chose sur laquelle vous voudriez en savoir plus ou r\u00e9fl\u00e9chir davantage et \u00e9tablissez maintenant \u00e0 quel moment vous le ferez.<\/p>\n<div id=\"canvasDiv\" style=\"max-width: 100%; text-align: center;\">\u00a0<\/div>\n<p style=\"text-align: center;\"><em>Cliquez n\u2019importe o\u00f9 sur l\u2019image avec le bouton droit pour imprimer, sauvegarder ou colorier votre carte du cerveau.<\/em><\/p>\n<p style=\"text-align: center;\"><button><a href=\"https:\/\/herbrainchose.oaith.ca\/fr\/chapter-7-intersecting-identities\/\" target=\"_self\"> Retourner \u00e0 la page pr\u00e9c\u00e9dente <\/a><\/button><\/p>\n<\/div>","protected":false},"excerpt":{"rendered":"<p>Use YELLOW to colour in any identity of privilege\/power you identify with. Use BLUE to colour in any identity of [&hellip;]<\/p>\n","protected":false},"author":2,"featured_media":0,"parent":0,"menu_order":0,"comment_status":"closed","ping_status":"closed","template":"","meta":{"site-sidebar-layout":"left-sidebar","site-content-layout":"page-builder","ast-site-content-layout":"default","site-content-style":"default","site-sidebar-style":"default","ast-global-header-display":"","ast-banner-title-visibility":"","ast-main-header-display":"","ast-hfb-above-header-display":"","ast-hfb-below-header-display":"","ast-hfb-mobile-header-display":"","site-post-title":"","ast-breadcrumbs-content":"","ast-featured-img":"disabled","footer-sml-layout":"","ast-disable-related-posts":"","theme-transparent-header-meta":"default","adv-header-id-meta":"","stick-header-meta":"","header-above-stick-meta":"","header-main-stick-meta":"","header-below-stick-meta":"","astra-migrate-meta-layouts":"set","ast-page-background-enabled":"default","ast-page-background-meta":{"desktop":{"background-color":"var(--ast-global-color-4)","background-image":"","background-repeat":"repeat","background-position":"center center","background-size":"auto","background-attachment":"scroll","background-type":"","background-media":"","overlay-type":"","overlay-color":"","overlay-opacity":"","overlay-gradient":""},"tablet":{"background-color":"","background-image":"","background-repeat":"repeat","background-position":"center center","background-size":"auto","background-attachment":"scroll","background-type":"","background-media":"","overlay-type":"","overlay-color":"","overlay-opacity":"","overlay-gradient":""},"mobile":{"background-color":"","background-image":"","background-repeat":"repeat","background-position":"center center","background-size":"auto","background-attachment":"scroll","background-type":"","background-media":"","overlay-type":"","overlay-color":"","overlay-opacity":"","overlay-gradient":""}},"ast-content-background-meta":{"desktop":{"background-color":"var(--ast-global-color-5)","background-image":"","background-repeat":"repeat","background-position":"center center","background-size":"auto","background-attachment":"scroll","background-type":"","background-media":"","overlay-type":"","overlay-color":"","overlay-opacity":"","overlay-gradient":""},"tablet":{"background-color":"var(--ast-global-color-5)","background-image":"","background-repeat":"repeat","background-position":"center center","background-size":"auto","background-attachment":"scroll","background-type":"","background-media":"","overlay-type":"","overlay-color":"","overlay-opacity":"","overlay-gradient":""},"mobile":{"background-color":"var(--ast-global-color-5)","background-image":"","background-repeat":"repeat","background-position":"center center","background-size":"auto","background-attachment":"scroll","background-type":"","background-media":"","overlay-type":"","overlay-color":"","overlay-opacity":"","overlay-gradient":""}},"footnotes":"","_links_to":"","_links_to_target":""},"class_list":["post-201","page","type-page","status-publish","hentry"],"_links":{"self":[{"href":"https:\/\/herbrainchose.oaith.ca\/fr\/wp-json\/wp\/v2\/pages\/201","targetHints":{"allow":["GET"]}}],"collection":[{"href":"https:\/\/herbrainchose.oaith.ca\/fr\/wp-json\/wp\/v2\/pages"}],"about":[{"href":"https:\/\/herbrainchose.oaith.ca\/fr\/wp-json\/wp\/v2\/types\/page"}],"author":[{"embeddable":true,"href":"https:\/\/herbrainchose.oaith.ca\/fr\/wp-json\/wp\/v2\/users\/2"}],"replies":[{"embeddable":true,"href":"https:\/\/herbrainchose.oaith.ca\/fr\/wp-json\/wp\/v2\/comments?post=201"}],"version-history":[{"count":8,"href":"https:\/\/herbrainchose.oaith.ca\/fr\/wp-json\/wp\/v2\/pages\/201\/revisions"}],"predecessor-version":[{"id":470,"href":"https:\/\/herbrainchose.oaith.ca\/fr\/wp-json\/wp\/v2\/pages\/201\/revisions\/470"}],"wp:attachment":[{"href":"https:\/\/herbrainchose.oaith.ca\/fr\/wp-json\/wp\/v2\/media?parent=201"}],"curies":[{"name":"wp","href":"https:\/\/api.w.org\/{rel}","templated":true}]}}