{"id":194,"date":"2024-12-30T14:10:52","date_gmt":"2024-12-30T19:10:52","guid":{"rendered":"https:\/\/devhbc.oaith.ca\/?page_id=194"},"modified":"2025-06-26T11:14:00","modified_gmt":"2025-06-26T15:14:00","slug":"brain-injury-strangulation-colouring-tool","status":"publish","type":"page","link":"https:\/\/herbrainchose.oaith.ca\/fr\/brain-injury-strangulation-colouring-tool\/","title":{"rendered":"Coloriez l\u2019image de traumatismes c\u00e9r\u00e9braux et la strangulation"},"content":{"rendered":"<div class=\"colour-page-wrap\">\n<p><strong>Utilisez l\u2019outil de coloriage pour indiquer les effets d\u2019un traumatisme c\u00e9r\u00e9bral ou d\u2019une strangulation:<\/strong><\/p>\n<ul>\n<li aria-level=\"1\">Tracez une fl\u00e8che vers le haut en rouge sur l\u2019amygdale pour montrer l\u2019augmentation d\u2019activit\u00e9 (agression, peur).<\/li>\n<li aria-level=\"1\">Tracez une fl\u00e8che vers le bas en bleu sur le lobe temporal pour montrer la r\u00e9duction de l\u2019ou\u00efe, de l\u2019\u00e9coute, de la compr\u00e9hension et de la m\u00e9moire.<\/li>\n<li aria-level=\"1\">Tracez un point d\u2019interrogation en vert sur le lobe frontal pour montrer les probl\u00e8mes de pens\u00e9e, de prise de d\u00e9cision et de planification.<\/li>\n<\/ul>\n<div id=\"canvasDiv\" style=\"max-width: 100%; text-align: center;\">\u00a0<\/div>\n<p style=\"text-align: center;\"><em>Cliquez n\u2019importe o\u00f9 sur l\u2019image avec le bouton droit pour imprimer, sauvegarder ou colorier votre carte du cerveau.<\/em><\/p>\n<p style=\"text-align: center;\"><button><a href=\"https:\/\/herbrainchose.oaith.ca\/fr\/chapter-6-trauma-concurrent-health-issues\/\" target=\"_self\"> Retourner \u00e0 la page pr\u00e9c\u00e9dente <\/a><\/button><\/p>\n<\/div>","protected":false},"excerpt":{"rendered":"<p>Use the colouring tool to denote impacts of traumatic brain injury and\/or strangulation: Draw an upward arrow\u00a0in red\u00a0over the amygdala [&hellip;]<\/p>\n","protected":false},"author":2,"featured_media":0,"parent":0,"menu_order":0,"comment_status":"closed","ping_status":"closed","template":"","meta":{"site-sidebar-layout":"left-sidebar","site-content-layout":"page-builder","ast-site-content-layout":"default","site-content-style":"default","site-sidebar-style":"default","ast-global-header-display":"","ast-banner-title-visibility":"","ast-main-header-display":"","ast-hfb-above-header-display":"","ast-hfb-below-header-display":"","ast-hfb-mobile-header-display":"","site-post-title":"","ast-breadcrumbs-content":"","ast-featured-img":"disabled","footer-sml-layout":"","ast-disable-related-posts":"","theme-transparent-header-meta":"default","adv-header-id-meta":"","stick-header-meta":"","header-above-stick-meta":"","header-main-stick-meta":"","header-below-stick-meta":"","astra-migrate-meta-layouts":"set","ast-page-background-enabled":"default","ast-page-background-meta":{"desktop":{"background-color":"var(--ast-global-color-4)","background-image":"","background-repeat":"repeat","background-position":"center center","background-size":"auto","background-attachment":"scroll","background-type":"","background-media":"","overlay-type":"","overlay-color":"","overlay-opacity":"","overlay-gradient":""},"tablet":{"background-color":"","background-image":"","background-repeat":"repeat","background-position":"center center","background-size":"auto","background-attachment":"scroll","background-type":"","background-media":"","overlay-type":"","overlay-color":"","overlay-opacity":"","overlay-gradient":""},"mobile":{"background-color":"","background-image":"","background-repeat":"repeat","background-position":"center center","background-size":"auto","background-attachment":"scroll","background-type":"","background-media":"","overlay-type":"","overlay-color":"","overlay-opacity":"","overlay-gradient":""}},"ast-content-background-meta":{"desktop":{"background-color":"var(--ast-global-color-5)","background-image":"","background-repeat":"repeat","background-position":"center center","background-size":"auto","background-attachment":"scroll","background-type":"","background-media":"","overlay-type":"","overlay-color":"","overlay-opacity":"","overlay-gradient":""},"tablet":{"background-color":"var(--ast-global-color-5)","background-image":"","background-repeat":"repeat","background-position":"center center","background-size":"auto","background-attachment":"scroll","background-type":"","background-media":"","overlay-type":"","overlay-color":"","overlay-opacity":"","overlay-gradient":""},"mobile":{"background-color":"var(--ast-global-color-5)","background-image":"","background-repeat":"repeat","background-position":"center center","background-size":"auto","background-attachment":"scroll","background-type":"","background-media":"","overlay-type":"","overlay-color":"","overlay-opacity":"","overlay-gradient":""}},"footnotes":"","_links_to":"","_links_to_target":""},"class_list":["post-194","page","type-page","status-publish","hentry"],"_links":{"self":[{"href":"https:\/\/herbrainchose.oaith.ca\/fr\/wp-json\/wp\/v2\/pages\/194","targetHints":{"allow":["GET"]}}],"collection":[{"href":"https:\/\/herbrainchose.oaith.ca\/fr\/wp-json\/wp\/v2\/pages"}],"about":[{"href":"https:\/\/herbrainchose.oaith.ca\/fr\/wp-json\/wp\/v2\/types\/page"}],"author":[{"embeddable":true,"href":"https:\/\/herbrainchose.oaith.ca\/fr\/wp-json\/wp\/v2\/users\/2"}],"replies":[{"embeddable":true,"href":"https:\/\/herbrainchose.oaith.ca\/fr\/wp-json\/wp\/v2\/comments?post=194"}],"version-history":[{"count":9,"href":"https:\/\/herbrainchose.oaith.ca\/fr\/wp-json\/wp\/v2\/pages\/194\/revisions"}],"predecessor-version":[{"id":468,"href":"https:\/\/herbrainchose.oaith.ca\/fr\/wp-json\/wp\/v2\/pages\/194\/revisions\/468"}],"wp:attachment":[{"href":"https:\/\/herbrainchose.oaith.ca\/fr\/wp-json\/wp\/v2\/media?parent=194"}],"curies":[{"name":"wp","href":"https:\/\/api.w.org\/{rel}","templated":true}]}}