{"id":169,"date":"2024-12-20T13:28:53","date_gmt":"2024-12-20T18:28:53","guid":{"rendered":"https:\/\/devhbc.oaith.ca\/?page_id=169"},"modified":"2025-06-26T10:56:11","modified_gmt":"2025-06-26T14:56:11","slug":"brain-senses-danger-colouring-tool","status":"publish","type":"page","link":"https:\/\/herbrainchose.oaith.ca\/fr\/brain-senses-danger-colouring-tool\/","title":{"rendered":"Coloriez le cerveau qui d\u00e9tecte le danger, et qui est en \u00ab mode alerte \u00bb"},"content":{"rendered":"<div class=\"colour-page-wrap\">\n<p>Cette image d\u00e9crit le cerveau d\u2019une personne qui d\u00e9tecte un danger. Cette r\u00e9ponse \u00e0 la menace peut \u00eatre d\u00e9clench\u00e9e non seulement par le traumatisme lui-m\u00eame, mais aussi par la menace ou la peur du traumatisme, le souvenir d\u2019un \u00e9v\u00e9nement traumatisant, un retour en arri\u00e8re ou un cauchemar. Coloriez l\u2019amygdale en rouge (la partie pointill\u00e9e). L\u2019amygdale fait partie du syst\u00e8me de r\u00e9ponse \u00e0 une menace et aide \u00e0 nous garder en s\u00e9curit\u00e9 en se mettant en mode alarme d\u00e8s qu\u2019un danger est per\u00e7u. Au moment o\u00f9 l\u2019amygdale d\u00e9clenche une r\u00e9ponse \u00e0 la menace, notre hippocampe encode ou enregistre les souvenirs, mais sans les bons renseignements contextuels : l\u2019heure, le lieu, etc. Ces souvenirs peuvent devenir des \u00ab retours en arri\u00e8re \u00bb que la survivante ressent comme si le traumatisme se produisait \u00e0 ce moment pr\u00e9cis.<\/p>\n<p>&nbsp;<\/p>\n<div id=\"canvasDiv\" style=\"max-width: 100%; text-align: center;\">\u00a0<\/div>\n<p style=\"text-align: center;\"><em>Cliquez n\u2019importe o\u00f9 sur l\u2019image avec le bouton droit pour imprimer, sauvegarder ou colorier votre carte du cerveau.<\/em><\/p>\n<p style=\"text-align: center;\"><button><a href=\"https:\/\/herbrainchose.oaith.ca\/fr\/chapter-1\/\" target=\"_self\">Retourner \u00e0 la page pr\u00e9c\u00e9dente<\/a><\/button><\/p>\n<\/div>","protected":false},"excerpt":{"rendered":"<p>This image depicts the brain of someone who does sense danger. This threat response can be triggered by not only [&hellip;]<\/p>\n","protected":false},"author":2,"featured_media":0,"parent":0,"menu_order":0,"comment_status":"closed","ping_status":"closed","template":"","meta":{"site-sidebar-layout":"left-sidebar","site-content-layout":"page-builder","ast-site-content-layout":"default","site-content-style":"default","site-sidebar-style":"default","ast-global-header-display":"","ast-banner-title-visibility":"","ast-main-header-display":"","ast-hfb-above-header-display":"","ast-hfb-below-header-display":"","ast-hfb-mobile-header-display":"","site-post-title":"","ast-breadcrumbs-content":"","ast-featured-img":"disabled","footer-sml-layout":"","ast-disable-related-posts":"","theme-transparent-header-meta":"default","adv-header-id-meta":"","stick-header-meta":"","header-above-stick-meta":"","header-main-stick-meta":"","header-below-stick-meta":"","astra-migrate-meta-layouts":"set","ast-page-background-enabled":"default","ast-page-background-meta":{"desktop":{"background-color":"var(--ast-global-color-4)","background-image":"","background-repeat":"repeat","background-position":"center center","background-size":"auto","background-attachment":"scroll","background-type":"","background-media":"","overlay-type":"","overlay-color":"","overlay-opacity":"","overlay-gradient":""},"tablet":{"background-color":"","background-image":"","background-repeat":"repeat","background-position":"center center","background-size":"auto","background-attachment":"scroll","background-type":"","background-media":"","overlay-type":"","overlay-color":"","overlay-opacity":"","overlay-gradient":""},"mobile":{"background-color":"","background-image":"","background-repeat":"repeat","background-position":"center center","background-size":"auto","background-attachment":"scroll","background-type":"","background-media":"","overlay-type":"","overlay-color":"","overlay-opacity":"","overlay-gradient":""}},"ast-content-background-meta":{"desktop":{"background-color":"var(--ast-global-color-5)","background-image":"","background-repeat":"repeat","background-position":"center center","background-size":"auto","background-attachment":"scroll","background-type":"","background-media":"","overlay-type":"","overlay-color":"","overlay-opacity":"","overlay-gradient":""},"tablet":{"background-color":"var(--ast-global-color-5)","background-image":"","background-repeat":"repeat","background-position":"center center","background-size":"auto","background-attachment":"scroll","background-type":"","background-media":"","overlay-type":"","overlay-color":"","overlay-opacity":"","overlay-gradient":""},"mobile":{"background-color":"var(--ast-global-color-5)","background-image":"","background-repeat":"repeat","background-position":"center center","background-size":"auto","background-attachment":"scroll","background-type":"","background-media":"","overlay-type":"","overlay-color":"","overlay-opacity":"","overlay-gradient":""}},"footnotes":"","_links_to":"","_links_to_target":""},"class_list":["post-169","page","type-page","status-publish","hentry"],"_links":{"self":[{"href":"https:\/\/herbrainchose.oaith.ca\/fr\/wp-json\/wp\/v2\/pages\/169","targetHints":{"allow":["GET"]}}],"collection":[{"href":"https:\/\/herbrainchose.oaith.ca\/fr\/wp-json\/wp\/v2\/pages"}],"about":[{"href":"https:\/\/herbrainchose.oaith.ca\/fr\/wp-json\/wp\/v2\/types\/page"}],"author":[{"embeddable":true,"href":"https:\/\/herbrainchose.oaith.ca\/fr\/wp-json\/wp\/v2\/users\/2"}],"replies":[{"embeddable":true,"href":"https:\/\/herbrainchose.oaith.ca\/fr\/wp-json\/wp\/v2\/comments?post=169"}],"version-history":[{"count":7,"href":"https:\/\/herbrainchose.oaith.ca\/fr\/wp-json\/wp\/v2\/pages\/169\/revisions"}],"predecessor-version":[{"id":464,"href":"https:\/\/herbrainchose.oaith.ca\/fr\/wp-json\/wp\/v2\/pages\/169\/revisions\/464"}],"wp:attachment":[{"href":"https:\/\/herbrainchose.oaith.ca\/fr\/wp-json\/wp\/v2\/media?parent=169"}],"curies":[{"name":"wp","href":"https:\/\/api.w.org\/{rel}","templated":true}]}}