{"id":152,"date":"2024-12-20T13:22:24","date_gmt":"2024-12-20T18:22:24","guid":{"rendered":"https:\/\/devhbc.oaith.ca\/?page_id=152"},"modified":"2025-06-26T10:43:43","modified_gmt":"2025-06-26T14:43:43","slug":"brain-colouring-tool","status":"publish","type":"page","link":"https:\/\/herbrainchose.oaith.ca\/fr\/brain-colouring-tool\/","title":{"rendered":"Colorer votre cerveau"},"content":{"rendered":"<div class=\"colour-page-wrap\">\nColoration sugg\u00e9r\u00e9e: Colorez le lobe frontal VIOLET, le lobe pari\u00e9tal BLEU, le lobe occipital VERT, le cervelet JAUNE, la tige du cerveau ORANGE et le lobe temporal ROUGE<\/p>\n<p>L'utilisation des m\u00eames couleurs pour les m\u00eames zones du cerveau pendant que vous compl\u00e9tez l'ensemble de l'outil de formation visuelle aidera \u00e0 cimenter l'apprentissage.<\/p>\n<div id=\"canvasDiv\" style=\"max-width: 100%; text-align: center;\"><\/div>\n<p style=\"text-align: center;\"><em>Cliquez n\u2019importe o\u00f9 sur l\u2019image avec le bouton droit pour imprimer, sauvegarder ou colorier votre carte du cerveau.<\/em><\/p>\n<p style=\"text-align: center; margin-bottom: 60px;\"><button><a href=\"https:\/\/herbrainchose.oaith.ca\/fr\/chapter-1\/\" target=\"_self\">Retourner \u00e0 la page pr\u00e9c\u00e9dente<\/a><\/button><\/p>\n<\/div>","protected":false},"excerpt":{"rendered":"<p>Suggested Colouring: Colour the frontal lobe PURPLE, the Parietal Lobe BLUE, the Occipital Lobe GREEN, the Cerebellum YELLOW, the Brain [&hellip;]<\/p>\n","protected":false},"author":2,"featured_media":0,"parent":0,"menu_order":0,"comment_status":"closed","ping_status":"closed","template":"","meta":{"site-sidebar-layout":"left-sidebar","site-content-layout":"page-builder","ast-site-content-layout":"default","site-content-style":"default","site-sidebar-style":"default","ast-global-header-display":"","ast-banner-title-visibility":"","ast-main-header-display":"","ast-hfb-above-header-display":"","ast-hfb-below-header-display":"","ast-hfb-mobile-header-display":"","site-post-title":"","ast-breadcrumbs-content":"","ast-featured-img":"disabled","footer-sml-layout":"","ast-disable-related-posts":"","theme-transparent-header-meta":"default","adv-header-id-meta":"","stick-header-meta":"","header-above-stick-meta":"","header-main-stick-meta":"","header-below-stick-meta":"","astra-migrate-meta-layouts":"set","ast-page-background-enabled":"default","ast-page-background-meta":{"desktop":{"background-color":"var(--ast-global-color-4)","background-image":"","background-repeat":"repeat","background-position":"center center","background-size":"auto","background-attachment":"scroll","background-type":"","background-media":"","overlay-type":"","overlay-color":"","overlay-opacity":"","overlay-gradient":""},"tablet":{"background-color":"","background-image":"","background-repeat":"repeat","background-position":"center center","background-size":"auto","background-attachment":"scroll","background-type":"","background-media":"","overlay-type":"","overlay-color":"","overlay-opacity":"","overlay-gradient":""},"mobile":{"background-color":"","background-image":"","background-repeat":"repeat","background-position":"center center","background-size":"auto","background-attachment":"scroll","background-type":"","background-media":"","overlay-type":"","overlay-color":"","overlay-opacity":"","overlay-gradient":""}},"ast-content-background-meta":{"desktop":{"background-color":"var(--ast-global-color-5)","background-image":"","background-repeat":"repeat","background-position":"center center","background-size":"auto","background-attachment":"scroll","background-type":"","background-media":"","overlay-type":"","overlay-color":"","overlay-opacity":"","overlay-gradient":""},"tablet":{"background-color":"var(--ast-global-color-5)","background-image":"","background-repeat":"repeat","background-position":"center center","background-size":"auto","background-attachment":"scroll","background-type":"","background-media":"","overlay-type":"","overlay-color":"","overlay-opacity":"","overlay-gradient":""},"mobile":{"background-color":"var(--ast-global-color-5)","background-image":"","background-repeat":"repeat","background-position":"center center","background-size":"auto","background-attachment":"scroll","background-type":"","background-media":"","overlay-type":"","overlay-color":"","overlay-opacity":"","overlay-gradient":""}},"footnotes":"","_links_to":"","_links_to_target":""},"class_list":["post-152","page","type-page","status-publish","hentry"],"_links":{"self":[{"href":"https:\/\/herbrainchose.oaith.ca\/fr\/wp-json\/wp\/v2\/pages\/152","targetHints":{"allow":["GET"]}}],"collection":[{"href":"https:\/\/herbrainchose.oaith.ca\/fr\/wp-json\/wp\/v2\/pages"}],"about":[{"href":"https:\/\/herbrainchose.oaith.ca\/fr\/wp-json\/wp\/v2\/types\/page"}],"author":[{"embeddable":true,"href":"https:\/\/herbrainchose.oaith.ca\/fr\/wp-json\/wp\/v2\/users\/2"}],"replies":[{"embeddable":true,"href":"https:\/\/herbrainchose.oaith.ca\/fr\/wp-json\/wp\/v2\/comments?post=152"}],"version-history":[{"count":12,"href":"https:\/\/herbrainchose.oaith.ca\/fr\/wp-json\/wp\/v2\/pages\/152\/revisions"}],"predecessor-version":[{"id":460,"href":"https:\/\/herbrainchose.oaith.ca\/fr\/wp-json\/wp\/v2\/pages\/152\/revisions\/460"}],"wp:attachment":[{"href":"https:\/\/herbrainchose.oaith.ca\/fr\/wp-json\/wp\/v2\/media?parent=152"}],"curies":[{"name":"wp","href":"https:\/\/api.w.org\/{rel}","templated":true}]}}