{"id":127,"date":"2024-12-20T13:06:48","date_gmt":"2024-12-20T18:06:48","guid":{"rendered":"https:\/\/devhbc.oaith.ca\/?page_id=127"},"modified":"2025-05-27T12:28:58","modified_gmt":"2025-05-27T16:28:58","slug":"references","status":"publish","type":"page","link":"https:\/\/herbrainchose.oaith.ca\/fr\/references\/","title":{"rendered":"R\u00e9f\u00e9rences"},"content":{"rendered":"<p>Fondation autochtone de gu\u00e9rison. (2004). Historic Trauma and Aboriginal Healing. Ottawa, Ontario. Tir\u00e9 de :\u00a0<a href=\"http:\/\/www.ahf.ca\/downloads\/historic-trauma.pdf\" target=\"_blank\" rel=\"noopener\">http:\/\/www.ahf.ca\/downloads\/historic-trauma.pdf<\/a><\/p>\r\n<p>Allan, B. &amp; Smylie, J. (2015). First Peoples, second class treatment: The role of racism in the health and well-being of Indigenous peoples in Canada. Toronto, ON. The Wellesley Institute. Tir\u00e9 de :\u00a0<a href=\"https:\/\/www.wellesleyinstitute.com\/wp-content\/uploads\/2015\/02\/Full-Report-FPSCT-Updated.pdf\" target=\"_blank\" rel=\"noopener\">https:\/\/www.wellesleyinstitute.com\/wp-content\/uploads\/2015\/02\/Full-Report-FPSCT-Updated.pdf<\/a><\/p>\r\n<p>Alzheimer&#8217;s Society Canada. (2019). 10 Warning Signs. Retrieved from:\u00a0<a href=\"https:\/\/alzheimer.ca\/en\/Home\/About-dementia\/Alzheimers-disease\/10-warning-signs\" target=\"_blank\" rel=\"noopener\">https:\/\/alzheimer.ca\/en\/Home\/About-dementia\/Alzheimers-disease\/10-warning-signs<\/a><\/p>\r\n<p>Alzheimer&#8217;s Society Canada. (2019). What is Dementia?. Retrieved from:\u00a0<a href=\"https:\/\/www.alz.org\/alzheimers-dementia\/what-is-dementia\" target=\"_blank\" rel=\"noopener\">https:\/\/www.alz.org\/alzheimers-dementia\/what-is-dementia<\/a><\/p>\r\n<p>Archambault, A. et al. (2019). Interviewing the victim: techniques based on the realistic dynamics of sexual assault. End Violence Against Women International. Tir\u00e9 de :\u00a0<a href=\"https:\/\/www.evawintl.org\/LIBRARY\/DOCUMENTLIBRARYHANDLER.ASHX?ID=657\" target=\"_blank\" rel=\"noopener\">https:\/\/www.evawintl.org\/LIBRARY\/DOCUMENTLIBRARYHANDLER.ASHX?ID=657<\/a><\/p>\r\n<p>Bailey, R. (2018). The limbic system of the brain. Tir\u00e9 de :\u00a0<a href=\"https:\/\/www.thoughtco.com\/limbic-system-anatomy-373200\" target=\"_blank\" rel=\"noopener\">https:\/\/www.thoughtco.com\/limbic-system-anatomy-373200<\/a><\/p>\r\n<p>Blackstock, C. (2010). Aboriginal and non-aboriginal children in child protection services. National Collaborating Centre for Aboriginal Health. Tir\u00e9 de :\u00a0<a href=\"https:\/\/www.nccah-ccnsa.ca\/docs\/fact%20sheets\/child%20and%20youth\/NCCAH_fs_childhealth_EN.pdf\" target=\"_blank\" rel=\"noopener\">https:\/\/www.nccah-ccnsa.ca\/docs\/fact%20sheets\/child%20and%20youth\/NCCAH_fs_childhealth_EN.pdf<\/a><\/p>\r\n<p>Bober, T., &amp; Regehr, C. (2006). Strategies for Reducing Secondary or Vicarious Trauma: Do They Work? Brief Treatment and Crisis Intervention, 6(1), 1-9. doi:10.1093\/brief- treatment\/mhj001<\/p>\r\n<p>Bossini, L., et al. (2017). Morphovolumetric changes after EMDR treatment in drug na\u00efve PTSD patients. Riv Psichiatr. Jan-Feb;52(1):24-31.<\/p>\r\n<p>Brookshire, B. (2017). Explainer: what is neurotransmission? Tir\u00e9 de :\u00a0<a href=\"https:\/\/www.sciencenewsforstudents.org\/article\/explainer-what-neurotransmission\" target=\"_blank\" rel=\"noopener\">https:\/\/www.sciencenewsforstudents.org\/article\/explainer-what-neurotransmission<\/a><\/p>\r\n<p>Burstow, B. (2003) &#8216;Toward a Radical Understanding of Trauma and Trauma Work&#8217;, Violence Against Women, 9(11), pp. 1293-1317.<\/p>\r\n<p>Center for Substance Abuse Treatment (US). Trauma-Informed Care in Behavioral Health Services. Rockville (MD): Substance Abuse and Mental Health Services Administration (US); 2014. (Treatment Improvement Protocol (TIP) Series, No. 57.) Chapter 3, Understanding the Impact of Trauma. Tir\u00e9 de :\u00a0<a href=\"https:\/\/www.ncbi.nlm.nih.gov\/books\/NBK207191\/\" target=\"_blank\" rel=\"noopener\">https:\/\/www.ncbi.nlm.nih.gov\/books\/NBK207191\/<\/a><\/p>\r\n<p>Cherry, K. (2018). Hippocampus role in the limbic system. Tir\u00e9 de :\u00a0<a href=\"https:\/\/www.verywellmind.com\/what-is-the-hippocampus-2795231\" target=\"_blank\" rel=\"noopener\">https:\/\/www.verywellmind.com\/what-is-the-hippocampus-2795231<\/a><\/p>\r\n<p>Clark, Natalie. (2016). Red Intersectionality and Violence-informed Witnessing Praxis with Indigenous Girls. Girlhood Studies. 9. 10.3167\/ghs.2016.090205.<\/p>\r\n<p>Cuncic, A. (2018) Amygdala hijack and the fight or flight response. Tir\u00e9 de :\u00a0<a href=\"https:\/\/www.verywellmind.com\/what-happens-during-an-amygdala-hijack-4165944\" target=\"_blank\" rel=\"noopener\">https:\/\/www.verywellmind.com\/what-happens-during-an-amygdala-hijack-4165944<\/a><\/p>\r\n<p>Domestic abuse and traumatic brain injury information guide. (nd). New York State Office for the Prevention of Domestic Violence. Tir\u00e9 de :\u00a0<a href=\"https:\/\/www.opdv.ny.gov\/professionals\/tbi\/dvandtbi_infoguide.pdf\" target=\"_blank\" rel=\"noopener\">https:\/\/www.opdv.ny.gov\/professionals\/tbi\/dvandtbi_infoguide.pdf<\/a><\/p>\r\n<p>DSM-5 Criteria for PTSD. (2019). Tir\u00e9 de :\u00a0<a href=\"https:\/\/www.brainline.org\/article\/dsm-5-criteria-ptsd\" target=\"_blank\" rel=\"noopener\">https:\/\/www.brainline.org\/article\/dsm-5-criteria-ptsd<\/a><\/p>\r\n<p>Fairbrother, N. (2004). Post-Traumatic Stress Disorder, Anxiety Disorders and Substance Use. HeretoHelp. Tir\u00e9 de\u00a0<a href=\"http:\/\/www.heretohelp.bc.ca\/visions\/concurrent-disorders-vol2\/post-traumatic-stress-disorder-anxiety-disorders-and-substance-use\" target=\"_blank\" rel=\"noopener\">http:\/\/www.heretohelp.bc.ca\/visions\/concurrent-disorders-vol2\/post-traumatic-stress-disorder-anxiety-disorders-and-substance-use<\/a><\/p>\r\n<p>Figley, C., &amp; Figley, K. (2007). Put the Oxygen Mask on Your Self First. Family Therapy Magazine. 8-11. Tir\u00e9 de :\u00a0<a href=\"https:\/\/www.aamft.org\/\/members\/familytherapyresources\/articles\/07_FTM_2_8_11.pdf\" target=\"_blank\" rel=\"noopener\">https:\/\/www.aamft.org\/\/members\/familytherapyresources\/articles\/07_FTM_2_8_11.pdf<\/a><\/p>\r\n<p>Fisher, J. (1999). The work of stabilization in trauma treatment. Paper presented at the Trauma Center Lecture Series, Boston, MA. Tir\u00e9 de :\u00a0<a href=\"https:\/\/janinafisher.com\/pdfs\/stabilize.pdf\" target=\"_blank\" rel=\"noopener\">https:\/\/janinafisher.com\/pdfs\/stabilize.pdf<\/a><\/p>\r\n<p>Follette, V., Briere, J., Rozelle, D., Hopper, J., Rome, D. (2014). Mindfulness Oriented Interventions for Trauma: Integrating Contemplative Practices. New York, NY: Guilford Press.<\/p>\r\n<p>Franco, F. (2018). Affect regulation and C-PTSD. Tir\u00e9 de :\u00a0<a href=\"https:\/\/psychcentral.com\/lib\/affect-dysregulation-and-c-ptsd\/\" target=\"_blank\" rel=\"noopener\">https:\/\/psychcentral.com\/lib\/affect-dysregulation-and-c-ptsd\/<\/a><\/p>\r\n<p>Ginwright, S. (2018). The Future of Healing: Shifting from Trauma Informed Care to Healing Centre Engagement. Medium. Tir\u00e9 de\u00a0<a href=\"https:\/\/medium.com\/@ginwright\/the-future-of-healing-shifting-from-trauma-informed-care-to-healing-centered-engagement-634f557ce69c\" target=\"_blank\" rel=\"noopener\">https:\/\/medium.com\/@ginwright\/the-future-of-healing-shifting-from-trauma-informed-care-to-healing-centered-engagement-634f557ce69c<\/a><\/p>\r\n<p>Goldsmith, R.E., Martin, C.G., Smith, C., P. (2014). Systemic trauma. Journal of Trauma and Dissociation, (15)2, 117-32. doi: 10.1080\/15299732.2014.871666<\/p>\r\n<p>Haskell, L. (2004). Les femmes, la violence et le traitement des traumatismes : guide d\u2019information pour les femmes et leurs familles. Centre de toxicomanie et de sant\u00e9 mentale.Tir\u00e9 de :\u00a0<a href=\"https:\/\/www.camh.ca\/-\/media\/files\/guides-and-publications\/women-and-abuse-en.pdf\" target=\"_blank\" rel=\"noopener\">https:\/\/www.camh.ca\/-\/media\/files\/guides-and-publications\/women-and-abuse-en.pdf<\/a><\/p>\r\n<p>Henderson, T. (2016). TBI and PTSD appear similar but treatments must differ. Tir\u00e9 de :\u00a0<a href=\"https:\/\/www.behavioral.net\/article\/tbi-and-ptsd-appear-similar-treatments-must-differ\" target=\"_blank\" rel=\"noopener\">https:\/\/www.behavioral.net\/article\/tbi-and-ptsd-appear-similar-treatments-must-differ<\/a><\/p>\r\n<p>How Does Intersectionality Work? (2018). Understanding Intersectionality for Women&#8217;s Services. (2018). Ontario Association of Interval &amp; Transition Houses.<\/p>\r\n<p>Intersectionality. (2015). Centre for Research &amp; Education on Violence Against Women &amp; Children. Tir\u00e9 de :\u00a0<a href=\"http:\/\/www.vawlearningnetwork.ca\/our-work\/issuebased_newsletters\/issue-15\/index.html\" target=\"_blank\" rel=\"noopener\">http:\/\/www.vawlearningnetwork.ca\/our-work\/issuebased_newsletters\/issue-15\/index.html<\/a><\/p>\r\n<p>Intervention to Address Intergenerational Trauma: Overcoming, Resisting and Preventing Structural Violence. (2012). University of Calgary. Tir\u00e9 de :\u00a0<a href=\"https:\/\/www.ucalgary.ca\/wethurston\/files\/wethurston\/Report_InterventionToAddressIntergenerationalTrauma.pdf\" target=\"_blank\" rel=\"noopener\">https:\/\/www.ucalgary.ca\/wethurston\/files\/wethurston\/Report_InterventionToAddressIntergenerationalTrauma.pdf<\/a><\/p>\r\n<p>Jankowiak-Siuda, K., Rymarczyk, K., Grabowska, A. (2011). How we empathize with others: A neurobiological perspective. Medical Science Monitor, (17)1. doi: 10.12659\/ MSM.881324. Tir\u00e9 de :\u00a0<a href=\"https:\/\/www.ncbi.nlm.nih.gov\/pmc\/articles\/PMC3524680\/pdf\/medscimonit-17-1-ra18.pdf\" target=\"_blank\" rel=\"noopener\">https:\/\/www.ncbi.nlm.nih.gov\/pmc\/articles\/PMC3524680\/pdf\/medscimonit-17-1-ra18.pdf<\/a><\/p>\r\n<p>Kalat, J.W. (2013). Biological Psychology, eleventh edition. Belmont, California. Cengage Learning.<\/p>\r\n<p>Kozlowska, K. et al. (2015). Fear and the Defense Cascade: Clinical Implications and Management. Harvard Review of Psychiatry, 23(4). doi: 10.1097\/HRP.0000000000000065<\/p>\r\n<p>Kozlowski, A. et al. (2012). First Nations child welfare in Ontario (2011). CWRP Information Sheet #100E. Montreal, QC. McGill University, Centre for Research on Children and Families. Tir\u00e9 de :\u00a0<a href=\"https:\/\/cwrp.ca\/information-sheet\/first-nations-child-welfare-ontario-2011\" target=\"_blank\" rel=\"noopener\">https:\/\/cwrp.ca\/information-sheet\/first-nations-child-welfare-ontario-2011<\/a><\/p>\r\n<p>Kersting, A., Br\u00e4hler, E., Glaesmer, H., Wagner, B. (2011). Prevalence of complicated grief in a representative population-based sample. Journal of Affective Disorders (131)1-3, 339-343. doi:\u00a0<a href=\"https:\/\/doi.org\/10.1016\/j.jad.2010.11.032\" target=\"_blank\" rel=\"noopener\">https:\/\/doi.org\/10.1016\/j.jad.2010.11.032<\/a><\/p>\r\n<p>Lash, M. (2018). TBI and PTSD: Navigating the perfect storm. Tir\u00e9 de :\u00a0<a href=\"https:\/\/www.brainline.org\/article\/tbi-and-ptsd-navigating-perfect-storm\" target=\"_blank\" rel=\"noopener\">https:\/\/www.brainline.org\/article\/tbi-and-ptsd-navigating-perfect-storm<\/a><\/p>\r\n<p>LeDoux, J. (2015). Anxious: Using the Brain to Understand and Treat Fear and Anxiety. Journal of Undergraduate Neuroscience Education. 2016 Spring; 14 (2): R22-R23.<\/p>\r\n<p>Linklater, R. (2011). Decolonizing Trauma Work: Indigenous Practitioners Share Stories and Strategies. University of Toronto, Graduate Department of Adult Education and Counselling Psychology. Tir\u00e9 de :\u00a0<a href=\"https:\/\/tspace.library.utoronto.ca\/bitstream\/1807\/31696\/3\/Broadbridge_Legge_Linklater_Renee_L_201111_PhD_thesis.pdf\" target=\"_blank\" rel=\"noopener\">https:\/\/tspace.library.utoronto.ca\/bitstream\/1807\/31696\/3\/Broadbridge_Legge_Linklater_Renee_L_201111_PhD_thesis.pdf<\/a><\/p>\r\n<p>Lohr, J.B., Palmer, B.W., Eidt, C.A., Aailaboyina, S., Mausbach, B.T., Wolkowitz, O.M., Thorp, S.R., Jeste, D.V. (2015). Is post-traumatic stress disorder associated with premature senescence? A review of the literature. American Journal of Geriatric Psychiatry, (23)7, 709-725. doi:10.1016\/j.jagp.2015.04.001.<\/p>\r\n<p>Lumor, Mbalu. (2017). Vicarious trauma and self-care. Canadian Centre for Victims of Torture, CCR Consultation, Edmonton, AB. Tir\u00e9 de :\u00a0<a href=\"https:\/\/ccrweb.ca\/sites\/ccrweb.ca\/files\/vicarioustraumaself-care_ccvt.pdf\" target=\"_blank\" rel=\"noopener\">https:\/\/ccrweb.ca\/sites\/ccrweb.ca\/files\/vicarioustraumaself-care_ccvt.pdf<\/a><\/p>\r\n<p>M\u00f6ller, A., S\u00f6ndergaard, H., Helstr\u00f6m, L. (2017). Tonic immobility during sexual assault -a common reaction predicting post-traumatic stress disorder and severe depression.Acta Obstetricia et Gynecologica Scandinavica. Retrieved from:\u00a0<a href=\"https:\/\/doi.org\/10.1111\/aogs.13174\" target=\"_blank\" rel=\"noopener\">https:\/\/doi.org\/10.1111\/aogs.13174<\/a><\/p>\r\n<p>Morrison, F., et al. (2015). Extinction reverses olfactory fear-conditioned increases in neuron number and glomerular size. Proceedings of the National Academy of Sciences of the United States of America. Retrieved from: 112. 10.1073\/pnas.1505068112.<\/p>\r\n<p>Morrison, F., et al. (2015). Extinction reverses olfactory fear-conditioned increases in neuron number and glomerular size. Proceedings of the National Academy of Sciences of the United States of America. Tir\u00e9 de: 112.10.1073\/pnas.1505068112.<\/p>\r\n<p>DSIA Handbook. Native Women&#8217;s Association of Canada. (2014). Retrieved from:\u00a0<a href=\"https:\/\/www.nwac.ca\/wp-content\/uploads\/2015\/05\/2014-NWAC-DSIA-Handbook.pdf\" target=\"_blank\" rel=\"noopener\">https:\/\/www.nwac.ca\/wp-content\/uploads\/2015\/05\/2014-NWAC-DSIA-Handbook.pdf<\/a><\/p>\r\n<p>Neurodegenerative Diseases. (2019). National Institute of Environmental Health Sciences. Tir\u00e9 de :\u00a0<a href=\"https:\/\/www.niehs.nih.gov\/research\/supported\/health\/neurodegenerative\/index.cfm\" target=\"_blank\" rel=\"noopener\">https:\/\/www.niehs.nih.gov\/research\/supported\/health\/neurodegenerative\/index.cfm<\/a><\/p>\r\n<p>Nogrady, B. (2018). Intimate partner violence and PTSD increase menopausal symptom risk. MDedge ObGyn. Tir\u00e9 de :\u00a0<a href=\"https:\/\/www.mdedge.com\/obgyn\/article\/189228\/menopause\/intimate-partner-violence-and-ptsd-increase-menopausal-symptom-risk\" target=\"_blank\" rel=\"noopener\">https:\/\/www.mdedge.com\/obgyn\/article\/189228\/menopause\/intimate-partner-violence-and-ptsd-increase-menopausal-symptom-risk<\/a><\/p>\r\n<p>O&#8217;Connor, M. (2019). The neurobiological mechanisms of complicated grief. Retrieved from:\u00a0<a href=\"https:\/\/dana.org\/grant\/the-neurobiological-mechanisms-of-complicated-grief\/\" target=\"_blank\" rel=\"noopener\">https:\/\/dana.org\/grant\/the-neurobiological-mechanisms-of-complicated-grief\/<\/a><\/p>\r\n<p>ONDRI Diseases. (2019). Ontario Neurodegenerative Disease Research Initiative. Tir\u00e9 de :\u00a0<a href=\"http:\/\/ondri.ca\/about\/ondri-diseases\/\" target=\"_blank\" rel=\"noopener\">http:\/\/ondri.ca\/about\/ondri-diseases\/<\/a><\/p>\r\n<p>Commission ontarienne des droits de la personne, (2018). Enfances interrompues : Surrepr\u00e9sentation des enfants autochtones et noirs au sein du syst\u00e8me de bien-\u00eatre de l\u2019enfance de l\u2019Ontario Tir\u00e9 de :\u00a0<a href=\"http:\/\/www.ohrc.on.ca\/sites\/default\/files\/Interrupted%20childhoods_Over-representation%20of%20Indigenous%20and%20Black%20children%20in%20Ontario%20child%20welfare_accessible.pdf\" target=\"_blank\" rel=\"noopener\">http:\/\/www.ohrc.on.ca\/sites\/default\/files\/Interrupted%20childhoods_Over-representation%20of%20Indigenous%20and%20Black%20children%20in%20Ontario%20child%20welfare_accessible.pdf<\/a><\/p>\r\n<p>Pai A, Suris AM, North CS. Posttraumatic Stress Disorder in the DSM-5: Controversy, Change, and Conceptual Considerations. Behav Sci (Basel). 2017;7(1):7. Publi\u00e9 le 13 f\u00e9vrier 2017. doi:10.3390\/bs7010007. Tir\u00e9 de :\u00a0<a href=\"https:\/\/www.ncbi.nlm.nih.gov\/pmc\/articles\/PMC5371751\/\" target=\"_blank\" rel=\"noopener\">https:\/\/www.ncbi.nlm.nih.gov\/pmc\/articles\/PMC5371751\/<\/a><\/p>\r\n<p>Paradis, R. (2018). The Sixties Scoop: A Literary Review prepared by the Manitoba Association of Friendship Centres. Manitoba Association of Friendship Centres. Tir\u00e9 de:\u00a0<a href=\"http:\/\/www.friendshipcentres.ca\/wp-content\/uploads\/2018\/01\/The-Sixties-Scoop-Literature-Review.pdf\" target=\"_blank\" rel=\"noopener\">http:\/\/www.friendshipcentres.ca\/wp-content\/uploads\/2018\/01\/The-Sixties-Scoop-Literature-Review.pdf<\/a><\/p>\r\n<p>Payne, P. et al (2015). Somatic experiencing: using interoception and proprioception as core elements of trauma therapy. Front Psychol. 2015;6:93. Publi\u00e9 le 4 f\u00e9vrier 2015. doi:10.3389\/fpsyg.2015.00093. Tir\u00e9 de :\u00a0<a href=\"https:\/\/www.ncbi.nlm.nih.gov\/pmc\/articles\/PMC4316402\/\" target=\"_blank\" rel=\"noopener\">https:\/\/www.ncbi.nlm.nih.gov\/pmc\/articles\/PMC4316402\/<\/a><\/p>\r\n<p>Randall, M. &amp; Haskell, L. (2013). &#8220;Trauma-Informed Approaches to Law: Why Restorative Justice Must Understand Trauma and Psychological Coping&#8221;. Dalhousie Law Journal.<\/p>\r\n<p>Regehr, C., Sussman, T. (2004). Intersections between grief and trauma: toward an empirically based model for treating traumatic grief. Brief Treatment and Crisis Intervention (4),3. doi: 10.1093\/brief-treatment\/mhh025<\/p>\r\n<p>Schwartz, A. (2016). The neurobiology of trauma. Tir\u00e9 de:\u00a0<a href=\"https:\/\/drarielleschwartz.com\/the-neurobiology-of-trauma-dr-arielle-schwartz\/#.XIsAYmRKhhA\" target=\"_blank\" rel=\"noopener\">https:\/\/drarielleschwartz.com\/the-neurobiology-of-trauma-dr-arielle-schwartz\/#.XIsAYmRKhhA<\/a><\/p>\r\n<p>Shear, M.K., Wang, Y., Skritskaya, N., Duan, N., Mauro, C. Ghesquiere, A. (2014). Treatment of complicated grief in elderly persons: a randomized clinical trial. JAMA Psychiatry (71)11, 1287-1295. doi: 10.1001\/jamapsychiatry.2014.1242.<\/p>\r\n<p>Sixties Scoop Apology. (2018). Government of Alberta. Tir\u00e9 de :\u00a0<a href=\"https:\/\/www.alberta.ca\/assets\/documents\/sixties-scoop-apology-transcript.pdf\" target=\"_blank\" rel=\"noopener\">https:\/\/www.alberta.ca\/assets\/documents\/sixties-scoop-apology-transcript.pdf<\/a><\/p>\r\n<p>Statistique Canada. (2016). Femmes au Canada : rapport statistique fond\u00e9 sur le sexe. https:\/\/www150.statcan.gc.ca\/n1\/pub\/89-503-x\/89-503-x2010001-fra.htm<\/p>\r\n<p>Substance Abuse and Mental Health Services Administration. (2014). Trauma-Informed Care in Behavioral Health Services. Treatment Improvement Protocol (TIP).. Series 57. HHS Publication No. (SMA) 13-4801.<\/p>\r\n<p>The Structure and Function of the Human Brain. (2019). Northern Brain Injury Association. Tir\u00e9 de :\u00a0<a href=\"http:\/\/nbia.ca\/brain-structure-function\/\" target=\"_blank\" rel=\"noopener\">http:\/\/nbia.ca\/brain-structure-function\/<\/a><\/p>\r\n<p>Union of Ontario Indians. (2013). The Soul Wounds of the Anishinabek People. Tir\u00e9 de :\u00a0<a href=\"http:\/\/www.anishinabek.ca\/wp-content\/uploads\/2016\/07\/Soul-Wounds-Booklet.pdf\" target=\"_blank\" rel=\"noopener\">http:\/\/www.anishinabek.ca\/wp-content\/uploads\/2016\/07\/Soul-Wounds-Booklet.pdf<\/a><\/p>\r\n<p>Manitoba Trauma Informed Education &amp; Resource Centre. (2013). Trauma-informed: the trauma toolkit, second edition. Tir\u00e9 de :\u00a0<a href=\"https:\/\/trauma-informed.ca\/wp-content\/uploads\/2013\/10\/Trauma-informed_Toolkit.pdf\" target=\"_blank\" rel=\"noopener\">https:\/\/trauma-informed.ca\/wp-content\/uploads\/2013\/10\/Trauma-informed_Toolkit.pdf<\/a><\/p>\r\n<p>Traumatic Brain Injury and Concussion. (2012-2017). American Society of Neuroradiology. Tir\u00e9 de :\u00a0<a href=\"https:\/\/www.asnr.org\/patientinfo\/conditions\/tbi.shtml\" target=\"_blank\" rel=\"noopener\">https:\/\/www.asnr.org\/patientinfo\/conditions\/tbi.shtml<\/a><\/p>\r\n<p>Tull, M. (2018). The relationship between PTSD and depression. Tir\u00e9 de :\u00a0<a href=\"https:\/\/www.verywellmind.com\/ptsd-and-depression-2797533\" target=\"_blank\" rel=\"noopener\">https:\/\/www.verywellmind.com\/ptsd-and-depression-2797533<\/a><\/p>\r\n<p>Understanding the stress response. (2018). Tir\u00e9 de :\u00a0<a href=\"https:\/\/www.health.harvard.edu\/staying-healthy\/understanding-the-stress-response\" target=\"_blank\" rel=\"noopener\">https:\/\/www.health.harvard.edu\/staying-healthy\/understanding-the-stress-response<\/a><\/p>\r\n<p>Valera, E. M., &amp; Berenbaum, H. (2003). Brain injury in battered women. Journal of Consulting and Clinical Psychology, 71(4), 797-804.<\/p>\r\n<p>Valera, E. (2018). Intimate partner violence and traumatic brain injury: an &#8220;invisible&#8221; public health epidemic. Retrieved from:\u00a0<a href=\"https:\/\/www.health.harvard.edu\/blog\/intimate-partner-violence-and-traumatic-brain-injury-an-invisible-public-health-epidemic-2018121315529\" target=\"_blank\" rel=\"noopener\">https:\/\/www.health.harvard.edu\/blog\/intimate-partner-violence-and-traumatic-brain-injury-an-invisible-public-health-epidemic-2018121315529<\/a><\/p>\r\n<p>Van Der Kolk, B.A. (1989). The compulsion to repeat the trauma. Psychiatrics clinics of North America (12)2, 389-411. doi: 10.1016\/S0193-953X(18)30439-8<\/p>\r\n<p>Vogues, M.A., Romney, D.M. (2003). Risk and resiliency factors in posttraumatic stress disorder. Annals of General Hospital Psychiatry. Tir\u00e9 de :\u00a0<a href=\"http:\/\/www.general-hospital-psychiatry.com\/content\/2\/1\/4\/\" target=\"_blank\" rel=\"noopener\">http:\/\/www.general-hospital-psychiatry.com\/content\/2\/1\/4\/<\/a><\/p>\r\n<p>Young, L. (2019). Nearly 53,000 sexual assault cases treated by Ontario doctors over 15 years: study. Global News. Tir\u00e9 de :\u00a0<a href=\"https:\/\/globalnews.ca\/news\/5655361\/sexual-assault-statistics-ontario-hospitals\/?fbclid=IwAR3q_MDsIOKJbyMG79-MimICmAAolDZ27aYpV-ZxrRQZTKx4lq2H5cx352o\" target=\"_blank\" rel=\"noopener\">https:\/\/globalnews.ca\/news\/5655361\/sexual-assault-statistics-ontario-hospitals\/?fbclid=IwAR3q_MDsIOKJbyMG79-MimICmAAolDZ27aYpV-ZxrRQZTKx4lq2H5cx352o<\/a><\/p>\r\n<p>Wilson, C. et al. (2016). Understanding the neurobiology of trauma and implications for interviewing victims. End Violence Against Women International. Tir\u00e9 de :\u00a0<a href=\"https:\/\/www.evawintl.org\/Library\/DocumentLibraryHandler.ashx?id=842\" target=\"_blank\" rel=\"noopener\">https:\/\/www.evawintl.org\/Library\/DocumentLibraryHandler.ashx?id=842<\/a><\/p>\r\n<p>Wolfe, E. (2016). PTSD and accelerated aging. PTSD Research Quarterly (27)3. Tir\u00e9 de :\u00a0<a href=\"https:\/\/www.ptsd.va.gov\/publications\/rq_docs\/V27N3.pdf\" target=\"_blank\" rel=\"noopener\">https:\/\/www.ptsd.va.gov\/publications\/rq_docs\/V27N3.pdf<\/a><\/p>\r\n\t\t\t<a href=\"https:\/\/herbrainchose.oaith.ca\/fr\/chapter-10-towards-hope-resiliency-resistance-and-healing\/\" target=\"_self\">\r\n\t\t\t\t\t\t\tPage pr\u00e9c\u00e9dente\r\n\t\t\t\t\t<\/a>","protected":false},"excerpt":{"rendered":"<p>Aboriginal Healing Foundation. (2004). Historic Trauma and Aboriginal Healing. Ottawa, Ontario. Retrieved from:\u00a0http:\/\/www.ahf.ca\/downloads\/historic-trauma.pdf Allan, B. &amp; Smylie, J. (2015). First [&hellip;]<\/p>\n","protected":false},"author":2,"featured_media":0,"parent":0,"menu_order":16,"comment_status":"closed","ping_status":"closed","template":"","meta":{"site-sidebar-layout":"left-sidebar","site-content-layout":"page-builder","ast-site-content-layout":"default","site-content-style":"default","site-sidebar-style":"default","ast-global-header-display":"","ast-banner-title-visibility":"","ast-main-header-display":"","ast-hfb-above-header-display":"","ast-hfb-below-header-display":"","ast-hfb-mobile-header-display":"","site-post-title":"","ast-breadcrumbs-content":"","ast-featured-img":"disabled","footer-sml-layout":"","ast-disable-related-posts":"","theme-transparent-header-meta":"default","adv-header-id-meta":"","stick-header-meta":"","header-above-stick-meta":"","header-main-stick-meta":"","header-below-stick-meta":"","astra-migrate-meta-layouts":"set","ast-page-background-enabled":"default","ast-page-background-meta":{"desktop":{"background-color":"var(--ast-global-color-4)","background-image":"","background-repeat":"repeat","background-position":"center center","background-size":"auto","background-attachment":"scroll","background-type":"","background-media":"","overlay-type":"","overlay-color":"","overlay-opacity":"","overlay-gradient":""},"tablet":{"background-color":"","background-image":"","background-repeat":"repeat","background-position":"center center","background-size":"auto","background-attachment":"scroll","background-type":"","background-media":"","overlay-type":"","overlay-color":"","overlay-opacity":"","overlay-gradient":""},"mobile":{"background-color":"","background-image":"","background-repeat":"repeat","background-position":"center center","background-size":"auto","background-attachment":"scroll","background-type":"","background-media":"","overlay-type":"","overlay-color":"","overlay-opacity":"","overlay-gradient":""}},"ast-content-background-meta":{"desktop":{"background-color":"var(--ast-global-color-5)","background-image":"","background-repeat":"repeat","background-position":"center center","background-size":"auto","background-attachment":"scroll","background-type":"","background-media":"","overlay-type":"","overlay-color":"","overlay-opacity":"","overlay-gradient":""},"tablet":{"background-color":"var(--ast-global-color-5)","background-image":"","background-repeat":"repeat","background-position":"center center","background-size":"auto","background-attachment":"scroll","background-type":"","background-media":"","overlay-type":"","overlay-color":"","overlay-opacity":"","overlay-gradient":""},"mobile":{"background-color":"var(--ast-global-color-5)","background-image":"","background-repeat":"repeat","background-position":"center center","background-size":"auto","background-attachment":"scroll","background-type":"","background-media":"","overlay-type":"","overlay-color":"","overlay-opacity":"","overlay-gradient":""}},"footnotes":"","_links_to":"","_links_to_target":""},"class_list":["post-127","page","type-page","status-publish","hentry"],"_links":{"self":[{"href":"https:\/\/herbrainchose.oaith.ca\/fr\/wp-json\/wp\/v2\/pages\/127","targetHints":{"allow":["GET"]}}],"collection":[{"href":"https:\/\/herbrainchose.oaith.ca\/fr\/wp-json\/wp\/v2\/pages"}],"about":[{"href":"https:\/\/herbrainchose.oaith.ca\/fr\/wp-json\/wp\/v2\/types\/page"}],"author":[{"embeddable":true,"href":"https:\/\/herbrainchose.oaith.ca\/fr\/wp-json\/wp\/v2\/users\/2"}],"replies":[{"embeddable":true,"href":"https:\/\/herbrainchose.oaith.ca\/fr\/wp-json\/wp\/v2\/comments?post=127"}],"version-history":[{"count":4,"href":"https:\/\/herbrainchose.oaith.ca\/fr\/wp-json\/wp\/v2\/pages\/127\/revisions"}],"predecessor-version":[{"id":223,"href":"https:\/\/herbrainchose.oaith.ca\/fr\/wp-json\/wp\/v2\/pages\/127\/revisions\/223"}],"wp:attachment":[{"href":"https:\/\/herbrainchose.oaith.ca\/fr\/wp-json\/wp\/v2\/media?parent=127"}],"curies":[{"name":"wp","href":"https:\/\/api.w.org\/{rel}","templated":true}]}}