{"id":100,"date":"2024-12-18T20:39:55","date_gmt":"2024-12-19T01:39:55","guid":{"rendered":"https:\/\/devhbc.oaith.ca\/?page_id=100"},"modified":"2025-07-24T15:14:48","modified_gmt":"2025-07-24T19:14:48","slug":"chapter-7-intersecting-identities","status":"publish","type":"page","link":"https:\/\/herbrainchose.oaith.ca\/fr\/chapter-7-intersecting-identities\/","title":{"rendered":"Chapitre 7 : L\u2019intersection des identit\u00e9s"},"content":{"rendered":"&#8220;Self reflection&#8230; is even more critical as we advance in our knowledge and understanding of oppression, power and privilege, intersectionality and how we ourselves hold both power and marginality, and we reinforce both oppression and marginalization, in our work, in our personal lives, with our family and anywhere we interact with others.&#8221;<br \/>\r\n(How Does Intersectionality Work? OAITH, 2018).\r\n<p><img loading=\"lazy\" decoding=\"async\" src=\"https:\/\/herbrainchose.oaith.ca\/wp-content\/uploads\/2024\/12\/brains-up.png\" alt=\"Half brain - half fingerprint symbols\" width=\"810\" height=\"108\" \/><\/p>\r\n<p>To support an older woman who has survived trauma, it&#8217;s important to consider the multi-dimensional nature of her identity and the oppression she&#8217;s experienced. In doing this, you take an intersectional perspective. Intersectionality is an approach that encourages inclusivity and challenges the status quo. Intersectionality asks us to look at the ways that privilege and disadvantage influence a woman&#8217;s experience of trauma as well as our own identity and related privilege and marginality (Intersectionality, 2015).<\/p>\r\n<p>This intersectionality wheel can be utilized to explore intersecting identities. What groups (cultural, socioeconomic, racial, religious) does the woman belong to? What types of societal oppression have shaped her life? What groups do you belong to? What are your privileges and disadvantages? How do both, your, and the woman&#8217;s histories influence the meeting between the two of you?<\/p>\r\n<h2>La roue de l\u2019intersectionalit\u00e9<\/h2>\r\n<a href=\"https:\/\/herbrainchose.oaith.ca\/fr\/intersectionality-wheel-colouring-tool\/\">Colour and learn more about the intersectionality wheel,<br \/>\r\nrepresented here as an umbrella<\/a>\r\n<p><img loading=\"lazy\" decoding=\"async\" src=\"https:\/\/herbrainchose.oaith.ca\/wp-content\/uploads\/2025\/02\/intersectionality-wheelFR.png\" alt=\"Umbrella showing different types of Privilege\/Power versus Marginality\" width=\"752\" height=\"973\" \/><\/p>\r\n\t<h2>Les femmes autochtones<\/h2>\r\n<p>Indigenous women in Canada have been collectively traumatized by government-endorsed racism. They have been confined to reserves, separated from their families, and forced to attend residential schools where physical and sexual violence were perpetrated by staff (Intervention to Address Intergenerational Trauma, 2012). The abuses an older Indigenous woman may have encountered, are examples of Systemic Trauma. Systemic Trauma is inflicted and maintained by environments and institutions. It includes the oppressive actions of schools, communities and cultures (Goldsmith, Martin, Smith,2014), such as the Canadian government&#8217;s attempt to assimilate Indigenous peoples.<\/p>\r\n<p>An Indigenous Intersectionality Framework or &#8220;Red Intersectionality&#8221; is centered in a commitment to activism and Indigenous sovereignty and contextualizes the violence against Indigenous women and girls within gendered colonization and dispossession of Indigenous lands. This analysis includes identifying strengths and resistance to oppression and violence and might include some of the following questions (adapted from Clark, 2016):<\/p>\r\n<ul>\r\n<li>How are your client&#8217;s experiences of trauma and coping framed or pathologized in the current health, metal health, justice, and social service systems?<\/li>\r\n<li>Comment ses exp\u00e9riences et son identit\u00e9 peuvent-elles \u00eatre comprises dans le contexte du colonialisme, de la pauvret\u00e9, du racisme et de la discrimination ?<\/li>\r\n<\/ul>\r\n\t<p><strong>Purification par la fum\u00e9e<\/strong><\/p>\r\n<p>En Ontario, les organismes et les services de juridiction provinciale ont la responsabilit\u00e9 et le devoir de comprendre et de respecter les croyances et les pratiques spirituelles autochtones dont la purification par la fum\u00e9e. La c\u00e9r\u00e9monie de purification par la fum\u00e9e est un rite qu\u2019observent plusieurs groupes et personnes autochtones ou non autochtones o\u00f9 l\u2019on fait br\u00fbler une des quatre herbes sacr\u00e9es : le tabac, la sauge, le foin d\u2019odeur et le c\u00e8dre dans un coquillage ou un bol en bois pour produire une fum\u00e9e qui purifie. Toutes les nations de l\u2019Am\u00e9rique du Nord ne le font pas ou ne le font pas de la m\u00eame fa\u00e7on. La c\u00e9r\u00e9monie se fait souvent t\u00f4t le matin, lors d\u2019une r\u00e9union ou d\u2019un \u00e9v\u00e9nement ou quand une personne fait face \u00e0 des obstacles; une femme pourrait avoir besoin de faire une c\u00e9r\u00e9monie \u00e0 des moments impr\u00e9visibles, par exemple, \u00e0 la suite d\u2019un traumatisme ou avant ou apr\u00e8s une entrevue difficile au sujet de la violence qu\u2019elle a v\u00e9cue (AFAC, 2014).<\/p>\r\n\t<h2>Smudging Within Services-Promising Practices<\/h2>\r\n<p>(Adapt\u00e9 de l\u2019AFAC)<\/p>\r\n<ul>\r\n<li>Assurer des protocoles transparents et des mesures de design inclusifs pour faciliter la c\u00e9r\u00e9monie de purification par la fum\u00e9e de mani\u00e8re ad\u00e9quate, digne et au bon moment sans qu\u2019il soit n\u00e9cessaire d\u2019avoir un avis \u00e0 l\u2019avance;<\/li>\r\n<li>Adapter un espace int\u00e9rieur pour la c\u00e9r\u00e9monie de purification par la fum\u00e9e et autres c\u00e9r\u00e9monies traditionnelles, l\u2019acc\u00e8s et l\u2019entreposage des herbes traditionnelles et de l\u2019eau propre;<\/li>\r\n<li>Cr\u00e9er des liens avec les a\u00een\u00e9es et a\u00een\u00e9s traditionnels et les gu\u00e9risseuses et gu\u00e9risseurs de votre r\u00e9gion;<\/li>\r\n<li>Sensibiliser votre personnel \u00e0 la c\u00e9r\u00e9monie de purification par la fum\u00e9e et aux autres c\u00e9r\u00e9monies autochtones.<\/li>\r\n<\/ul>\r\n<p><img loading=\"lazy\" decoding=\"async\" src=\"https:\/\/herbrainchose.oaith.ca\/wp-content\/uploads\/2025\/02\/sacred-plants-fr.png\" alt=\"sacred plants: cedar, tobacco, sweet grass, sage\" width=\"681\" height=\"682\" \/><\/p>\r\n<p>An intersectional approach involves sensitivity to systemic trauma. As someone who works with trauma survivors, it&#8217;s important to acknowledge that every woman encompasses a multiplicity of circumstances, and that you do as well; Part of your work is to consider your own circumstances and how they affect your relationship and interactions with the woman.<\/p>\r\n\t<p>La pratique tenant compte du traumatisme permet la cr\u00e9ation d\u2019un espace s\u00e9curitaire dans lequel il est possible d\u2019aborder des questions comme la colonisation, l\u2019oppression, le traumatisme interg\u00e9n\u00e9rationnel et le racisme. Elle laisse de la place pour discuter des probl\u00e8mes et des pr\u00e9occupations sp\u00e9cifiques aux Autochtones. La pratique tenant compte du traumatisme compl\u00e8te et honore les valeurs et les croyances autochtones.<\/p>\r\n\t<p><img loading=\"lazy\" decoding=\"async\" src=\"https:\/\/herbrainchose.oaith.ca\/wp-content\/uploads\/2024\/12\/food-for-thought.png\" alt=\"brain food icon\" width=\"97\" height=\"110\" \/><\/p>\r\n<p><strong>Mati\u00e8re \u00e0 r\u00e9flexion :<\/strong><\/p>\r\n<ul>\r\n<li>Quels indices pourraient indiquer \u00e0 une survivante que vous soutenez et que vous avez une attitude inclusive en mati\u00e8re de diversit\u00e9 de genre et d\u2019identit\u00e9 sexuelle ?<\/li>\r\n<li>How might an older immigrant or refugee women&#8217;s dependency on family members affect her access to housing supports<\/li>\r\n<li>Quels sont les \u00e9l\u00e9ments identitaires manquants dans la roue de l\u2019intersectionalit\u00e9 ?<\/li>\r\n<\/ul>\r\n\t\t\t<a href=\"https:\/\/herbrainchose.oaith.ca\/fr\/chapter-6-trauma-concurrent-health-issues\/\" target=\"_self\">\r\n\t\t\t\t\t\t\tPage pr\u00e9c\u00e9dente\r\n\t\t\t\t\t<\/a>\r\n\t\t\t<a href=\"https:\/\/herbrainchose.oaith.ca\/fr\/chapter-8-trauma-memory-and-narrative-providing-support-during-disclosures-and-interviewing-survivors-of-trauma\/\" target=\"_self\">\r\n\t\t\t\t\t\t\tPage suivante\r\n\t\t\t\t\t<\/a>","protected":false},"excerpt":{"rendered":"<p>&#8220;Self reflection&#8230; is even more critical as we advance in our knowledge and understanding of oppression, power and privilege, intersectionality [&hellip;]<\/p>\n","protected":false},"author":2,"featured_media":0,"parent":0,"menu_order":11,"comment_status":"closed","ping_status":"closed","template":"","meta":{"site-sidebar-layout":"left-sidebar","site-content-layout":"page-builder","ast-site-content-layout":"default","site-content-style":"default","site-sidebar-style":"default","ast-global-header-display":"","ast-banner-title-visibility":"","ast-main-header-display":"","ast-hfb-above-header-display":"","ast-hfb-below-header-display":"","ast-hfb-mobile-header-display":"","site-post-title":"","ast-breadcrumbs-content":"","ast-featured-img":"disabled","footer-sml-layout":"","ast-disable-related-posts":"","theme-transparent-header-meta":"default","adv-header-id-meta":"","stick-header-meta":"","header-above-stick-meta":"","header-main-stick-meta":"","header-below-stick-meta":"","astra-migrate-meta-layouts":"set","ast-page-background-enabled":"default","ast-page-background-meta":{"desktop":{"background-color":"var(--ast-global-color-4)","background-image":"","background-repeat":"repeat","background-position":"center center","background-size":"auto","background-attachment":"scroll","background-type":"","background-media":"","overlay-type":"","overlay-color":"","overlay-opacity":"","overlay-gradient":""},"tablet":{"background-color":"","background-image":"","background-repeat":"repeat","background-position":"center center","background-size":"auto","background-attachment":"scroll","background-type":"","background-media":"","overlay-type":"","overlay-color":"","overlay-opacity":"","overlay-gradient":""},"mobile":{"background-color":"","background-image":"","background-repeat":"repeat","background-position":"center center","background-size":"auto","background-attachment":"scroll","background-type":"","background-media":"","overlay-type":"","overlay-color":"","overlay-opacity":"","overlay-gradient":""}},"ast-content-background-meta":{"desktop":{"background-color":"var(--ast-global-color-5)","background-image":"","background-repeat":"repeat","background-position":"center center","background-size":"auto","background-attachment":"scroll","background-type":"","background-media":"","overlay-type":"","overlay-color":"","overlay-opacity":"","overlay-gradient":""},"tablet":{"background-color":"var(--ast-global-color-5)","background-image":"","background-repeat":"repeat","background-position":"center center","background-size":"auto","background-attachment":"scroll","background-type":"","background-media":"","overlay-type":"","overlay-color":"","overlay-opacity":"","overlay-gradient":""},"mobile":{"background-color":"var(--ast-global-color-5)","background-image":"","background-repeat":"repeat","background-position":"center center","background-size":"auto","background-attachment":"scroll","background-type":"","background-media":"","overlay-type":"","overlay-color":"","overlay-opacity":"","overlay-gradient":""}},"footnotes":"","_links_to":"","_links_to_target":""},"class_list":["post-100","page","type-page","status-publish","hentry"],"_links":{"self":[{"href":"https:\/\/herbrainchose.oaith.ca\/fr\/wp-json\/wp\/v2\/pages\/100","targetHints":{"allow":["GET"]}}],"collection":[{"href":"https:\/\/herbrainchose.oaith.ca\/fr\/wp-json\/wp\/v2\/pages"}],"about":[{"href":"https:\/\/herbrainchose.oaith.ca\/fr\/wp-json\/wp\/v2\/types\/page"}],"author":[{"embeddable":true,"href":"https:\/\/herbrainchose.oaith.ca\/fr\/wp-json\/wp\/v2\/users\/2"}],"replies":[{"embeddable":true,"href":"https:\/\/herbrainchose.oaith.ca\/fr\/wp-json\/wp\/v2\/comments?post=100"}],"version-history":[{"count":5,"href":"https:\/\/herbrainchose.oaith.ca\/fr\/wp-json\/wp\/v2\/pages\/100\/revisions"}],"predecessor-version":[{"id":502,"href":"https:\/\/herbrainchose.oaith.ca\/fr\/wp-json\/wp\/v2\/pages\/100\/revisions\/502"}],"wp:attachment":[{"href":"https:\/\/herbrainchose.oaith.ca\/fr\/wp-json\/wp\/v2\/media?parent=100"}],"curies":[{"name":"wp","href":"https:\/\/api.w.org\/{rel}","templated":true}]}}